{"id":2,"date":"2024-10-20T13:05:26","date_gmt":"2024-10-20T13:05:26","guid":{"rendered":"http:\/\/damska100.pl\/?page_id=2"},"modified":"2024-10-25T10:34:37","modified_gmt":"2024-10-25T10:34:37","slug":"sample-page","status":"publish","type":"page","link":"https:\/\/damska100.pl\/","title":{"rendered":"Rzeczy z dusz\u0105 dla ka\u017cdego. Znajd\u017a co\u015b dla siebie"},"content":{"rendered":"<p class=\"has-medium-font-size\">\u00a0<\/p><p class=\"has-small-font-size\">\u00a0<\/p><p>Cze\u015b\u0107!<\/p>\r\n<p>Jestem Monika i uwielbiam tworzy\u0107 rzeczy z dusz\u0105!<\/p>\r\n<p>Dotykam r\u00f3\u017cnych form, materia\u0142\u00f3w i metod. Sprawdzam swoje umiej\u0119tno\u015bci na wielu p\u0142aszczyznach &#8211; od zabawek, przez sztuk\u0119 u\u017cytkow\u0105, na prostych meblach ko\u0144cz\u0105c.<\/p>\r\n<p>Zapraszam Ci\u0119 do mojego \u015bwiata!<\/p>\r\n<p>Ka\u017cda rzecz jest wyj\u0105tkowa i niepowtarzalna. Je\u015bli co\u015b szczeg\u00f3lnie Ci si\u0119 podoba, mo\u017cemy si\u0119 tym zainspirowa\u0107 i dostosowa\u0107 do Twoich potrzeb. A mo\u017ce masz dla mnie jakie\u015b ciekawe wyzwanie?<\/p>\r\n<p>Sprawd\u017amy!<\/p>\r\n<p>&nbsp;<\/p>\r\n<p><\/p>\r\n<p>&nbsp;<\/p>\r\n<p><\/p>","protected":false},"excerpt":{"rendered":"<p>\u00a0 \u00a0 Cze\u015b\u0107! Jestem Monika i uwielbiam tworzy\u0107 rzeczy z dusz\u0105! Dotykam r\u00f3\u017cnych form, materia\u0142\u00f3w i metod. Sprawdzam swoje umiej\u0119tno\u015bci na wielu p\u0142aszczyznach &#8211; od zabawek, przez sztuk\u0119 u\u017cytkow\u0105, na prostych meblach ko\u0144cz\u0105c. Zapraszam Ci\u0119 do mojego \u015bwiata! Ka\u017cda rzecz jest wyj\u0105tkowa i niepowtarzalna. Je\u015bli co\u015b szczeg\u00f3lnie Ci si\u0119 podoba, mo\u017cemy si\u0119 tym zainspirowa\u0107 i &#8230;<a class=\"r_more_blog\" href=\"https:\/\/damska100.pl\/#more-2\"><i class=\"fa fa-sign-in\"><\/i> read more<\/a><\/p>\n","protected":false},"author":1,"featured_media":0,"parent":0,"menu_order":0,"comment_status":"closed","ping_status":"open","template":"","meta":{"footnotes":""},"class_list":["post-2","page","type-page","status-publish","hentry"],"_links":{"self":[{"href":"https:\/\/damska100.pl\/index.php\/wp-json\/wp\/v2\/pages\/2"}],"collection":[{"href":"https:\/\/damska100.pl\/index.php\/wp-json\/wp\/v2\/pages"}],"about":[{"href":"https:\/\/damska100.pl\/index.php\/wp-json\/wp\/v2\/types\/page"}],"author":[{"embeddable":true,"href":"https:\/\/damska100.pl\/index.php\/wp-json\/wp\/v2\/users\/1"}],"replies":[{"embeddable":true,"href":"https:\/\/damska100.pl\/index.php\/wp-json\/wp\/v2\/comments?post=2"}],"version-history":[{"count":11,"href":"https:\/\/damska100.pl\/index.php\/wp-json\/wp\/v2\/pages\/2\/revisions"}],"predecessor-version":[{"id":282,"href":"https:\/\/damska100.pl\/index.php\/wp-json\/wp\/v2\/pages\/2\/revisions\/282"}],"wp:attachment":[{"href":"https:\/\/damska100.pl\/index.php\/wp-json\/wp\/v2\/media?parent=2"}],"curies":[{"name":"wp","href":"https:\/\/api.w.org\/{rel}","templated":true}]}}